{"id":362,"date":"2021-02-11T16:36:17","date_gmt":"2021-02-11T16:36:17","guid":{"rendered":"https:\/\/grancanariatours.es\/?page_id=362"},"modified":"2021-02-11T16:39:38","modified_gmt":"2021-02-11T16:39:38","slug":"politica-de-privacidad","status":"publish","type":"page","link":"https:\/\/grancanariatours.es\/de\/politica-de-privacidad\/","title":{"rendered":"Datenschutz-Bestimmungen"},"content":{"rendered":"<div data-elementor-type=\"wp-page\" data-elementor-id=\"362\" class=\"elementor elementor-362\">\n\t\t\t\t\t\t<section class=\"elementor-section elementor-top-section elementor-element elementor-element-14aca32 elementor-section-boxed elementor-section-height-default elementor-section-height-default\" data-id=\"14aca32\" data-element_type=\"section\" data-e-type=\"section\">\n\t\t\t\t\t\t<div class=\"elementor-container elementor-column-gap-default\">\n\t\t\t\t\t<div class=\"elementor-column elementor-col-100 elementor-top-column elementor-element elementor-element-cdea6de\" data-id=\"cdea6de\" data-element_type=\"column\" data-e-type=\"column\">\n\t\t\t<div class=\"elementor-widget-wrap elementor-element-populated\">\n\t\t\t\t\t\t<div class=\"elementor-element elementor-element-c15bdd7 elementor-widget elementor-widget-spacer\" data-id=\"c15bdd7\" data-element_type=\"widget\" data-e-type=\"widget\" data-widget_type=\"spacer.default\">\n\t\t\t\t<div class=\"elementor-widget-container\">\n\t\t\t\t\t\t\t<div class=\"elementor-spacer\">\n\t\t\t<div class=\"elementor-spacer-inner\"><\/div>\n\t\t<\/div>\n\t\t\t\t\t\t<\/div>\n\t\t\t\t<\/div>\n\t\t\t\t<div class=\"elementor-element elementor-element-ffd8b76 elementor-widget elementor-widget-heading\" data-id=\"ffd8b76\" data-element_type=\"widget\" data-e-type=\"widget\" data-widget_type=\"heading.default\">\n\t\t\t\t<div class=\"elementor-widget-container\">\n\t\t\t\t\t<h2 class=\"elementor-heading-title elementor-size-default\"> DATENSCHUTZRICHTLINIE (2. SCHICHT <\/h2>\t\t\t\t<\/div>\n\t\t\t\t<\/div>\n\t\t\t\t<div class=\"elementor-element elementor-element-82960eb elementor-widget elementor-widget-text-editor\" data-id=\"82960eb\" data-element_type=\"widget\" data-e-type=\"widget\" data-widget_type=\"text-editor.default\">\n\t\t\t\t<div class=\"elementor-widget-container\">\n\t\t\t\t\t\t\t\t\t<p>\u00a0<\/p><p>Einf\u00fchrung<br \/>Ihre Privatsph\u00e4re ist uns wichtig. In diesem Dokument erl\u00e4utern wir unter anderem, welche Daten wir von Benutzern sammeln, wie wir sie verwenden und wof\u00fcr. Personen \u00fcber 14 Jahre k\u00f6nnen sich ohne vorherige Zustimmung ihrer Eltern, Erziehungsberechtigten oder gesetzlichen Vertreter als Benutzer registrieren. Bei Minderj\u00e4hrigen unter 14 Jahren, die als &quot;rechtlich unf\u00e4hig&quot; eingestuft wurden, ben\u00f6tigen wir immer die Zustimmung des Elternteils oder des Erziehungsberechtigten oder des gesetzlichen Vertreters.<br \/>Zu Ihrer Information werden wir niemals mehr Informationen anfordern, als wir tats\u00e4chlich f\u00fcr die erforderlichen Dienstleistungen ben\u00f6tigen. Wir werden es niemals an Dritte weitergeben, es sei denn, dies ist gesetzlich vorgeschrieben oder mit Ihrer vorherigen Genehmigung. und wir werden Ihre Daten niemals f\u00fcr einen anderen Zweck verwenden, der zuvor nicht angegeben wurde.<br \/>Als Benutzer sollten Sie diese Datenschutzrichtlinie regelm\u00e4\u00dfig und bei jeder Eingabe Ihrer pers\u00f6nlichen Daten sorgf\u00e4ltig lesen, da dieses Dokument m\u00f6glicherweise ge\u00e4ndert wird, da der Anbieter alle Arten von Informationen, die im Internet erscheinen, \u00e4ndern kann, um den Bestimmungen zu entsprechen oder die Richtlinie zu aktualisieren, und ohne dass eine Verpflichtung besteht, Benutzer vorab \u00fcber diese Verpflichtungen zu informieren oder zu informieren, ist die Ver\u00f6ffentlichung auf der Website des Anbieters ausreichend.<\/p><p>\u00c1LVAREZ EXPLOTACIONES TUR\u00cdSTICAS SL, verantwortlich f\u00fcr die Website, gem\u00e4\u00df den Bestimmungen der Verordnung (EU) 2016\/679 vom 27. April 2016 (RGPD), des Organgesetzes 3\/2018 vom 5. Dezember (LOPDGDD) und anderer Bestimmungen Der Schutz personenbezogener Daten und das Gesetz 34\/2002 vom 11. Juli \u00fcber Dienste der Informationsgesellschaft und des elektronischen Gesch\u00e4ftsverkehrs (LSSICE) informieren Sie dar\u00fcber, dass Sie die erforderlichen technischen und organisatorischen Sicherheitsma\u00dfnahmen getroffen haben, um dies zu gew\u00e4hrleisten und sch\u00fctzen Sie die Vertraulichkeit, Integrit\u00e4t und Verf\u00fcgbarkeit der eingegebenen Daten.<\/p><p>Zweck der Behandlung<br \/>Ihre pers\u00f6nlichen Daten werden nur f\u00fcr folgende Zwecke verwendet:<br \/>- Durchf\u00fchrung der erforderlichen kommerziellen und administrativen Verfahren mit den Nutzern des Internets;<br \/>- Kommerzielle Werbekommunikation per E-Mail, Fax, SMS, MMS, sozialen Gemeinschaften oder auf andere elektronische oder physische Weise senden, falls der Benutzer dem elektronischen Versand kommerzieller Kommunikation durch Abonnieren des NEWSLETTER ausdr\u00fccklich zugestimmt hat;<br \/>- Beantwortung von Anfragen und \/ oder Bereitstellung von Informationen, die vom Benutzer ben\u00f6tigt werden;<br \/>- die Erbringung von Dienstleistungen und \/ oder Produkten durchf\u00fchren, die vom Benutzer unter Vertrag genommen oder abonniert wurden;<br \/>- Verwenden Sie Ihre Daten, um Sie sowohl elektronisch als auch nicht elektronisch zu kontaktieren, um Ihre Meinung zu der erbrachten Dienstleistung einzuholen.<br \/>- Benachrichtigen Sie \u00fcber \u00c4nderungen, wichtige Entwicklungen in der Datenschutzrichtlinie, rechtlichen Hinweisen oder Cookie-Richtlinien.<br \/>- Profile und Usability-Analysen werden durchgef\u00fchrt.<br \/>- Die Daten von Kunden und \/ oder Lieferanten werden im Rahmen des Vertragsverh\u00e4ltnisses, das sie mit der verantwortlichen Person verbindet, in \u00dcbereinstimmung mit den administrativen, steuerlichen, buchhalterischen und arbeitsrechtlichen Verpflichtungen behandelt, die nach den geltenden Rechtsvorschriften erforderlich sind.<br \/>Sie k\u00f6nnen Ihre Einwilligung jederzeit widerrufen, indem Sie einen Brief mit dem Betreff &quot;Niedrig&quot; an hola@grancanariatours.es senden.<br \/>In \u00dcbereinstimmung mit der LSSICE f\u00fchrt \u00c1LVAREZ EXPLOTACIONES TUR\u00cdSTICAS SL keine SPAM-Praktiken durch und sendet daher keine kommerziellen E-Mails, die zuvor nicht vom Benutzer angefordert oder autorisiert wurden. Folglich hat der Benutzer bei allen Mitteilungen, die der Anbieter erh\u00e4lt, die M\u00f6glichkeit, seine ausdr\u00fcckliche Zustimmung zum Empfang unserer Mitteilungen zu widerrufen.<br \/>Wir werden Ihre personenbezogenen Daten nur f\u00fcr gesetzliche oder gerichtliche Zwecke zu anderen als den beschriebenen Zwecken verarbeiten.<\/p><p>Rechtm\u00e4\u00dfigkeit der Behandlung<br \/>Rechtsgrundlage f\u00fcr die Behandlung der Daten ist Ihre Einwilligung zur Durchf\u00fchrung der oben beschriebenen Zwecke, die zum Zeitpunkt der Kennzeichnung des entsprechenden K\u00e4stchens bei der Erhebung Ihrer Daten angefordert wird.<br \/>Wenn Sie die angeforderten personenbezogenen Daten nicht angeben oder diese Datenschutzrichtlinie nicht akzeptieren, k\u00f6nnen Sie keine Informationen zu den Produkten und Dienstleistungen des Anbieters abonnieren, registrieren oder empfangen.<br \/>In F\u00e4llen, in denen zwischen den Parteien ein vorheriges Vertragsverh\u00e4ltnis besteht, ist die Legitimit\u00e4t f\u00fcr die Entwicklung von Verwaltungs-, Steuer-, Buchhaltungs- und Arbeitsverpflichtungen, die nach den geltenden Rechtsvorschriften erforderlich sind, das vorherige Bestehen des zwischen den Parteien bestehenden Gesch\u00e4ftsverh\u00e4ltnisses.<\/p><p>EMPF\u00c4NGER VON AUFGABEN ODER \u00dcBERTRAGUNGEN<br \/>\u00c1LVAREZ EXPLOTACIONES TUR\u00cdSTICAS SL f\u00fchrt keine Daten\u00fcbertragung oder -kommunikation durch, es sei denn, es besteht ein angemessener Bedarf, ein Gerichtsverfahren, eine gesetzliche Verpflichtung oder die vorherige Zustimmung des Benutzers einzuhalten.<br \/>Eine internationale \u00dcbermittlung Ihrer personenbezogenen Daten erfolgt auch nicht ohne Ihre vorherige Zustimmung, unbeschadet der Sperrung oder K\u00fcndigung Ihres Kontos, wenn der Benutzer m\u00f6glicherweise Hinweise auf die Begehung einer Straftat gibt. Die bereitgestellten Informationen sind nur die, die dem Anbieter zu diesem Zeitpunkt zur Verf\u00fcgung stehen.<br \/>\u00c1LVAREZ EXPLOTACIONES TUR\u00cdSTICAS SL wird die erhobenen Daten nicht an Dritte weitergeben, es sei denn, es besteht ein angemessener Bedarf, ein Gerichtsverfahren, eine gesetzliche Verpflichtung oder die vorherige Zustimmung des Benutzers einzuhalten.<br \/>Die Informationen, die Sie uns sowohl \u00fcber diese Website als auch \u00fcber die Anwendung zur Verf\u00fcgung stellen, werden auf den Servern von \u00c1LVAREZ EXPLOTACIONES TUR\u00cdSTICAS SL gehostet, die an die in SADEGID ans\u00e4ssige Firma SITEGRAUND (im Folgenden HOSTING) vergeben wurden. Die Verarbeitung der Daten des Unternehmens wird durch einen Vertrag f\u00fcr den Datenverarbeiter zwischen dem Anbieter und dem Unternehmen geregelt. In keinem Fall wird diese Person, die f\u00fcr die Behandlung von Subunternehmern zust\u00e4ndig ist, die eine Datenverarbeitung durch Dritte beinhalten, ohne unsere vorherige Zustimmung.<\/p><p>RECHTE VON INTERESSIERTEN PERSONEN<br \/>Als Benutzer k\u00f6nnen Sie die Aus\u00fcbung der folgenden Rechte vor \u00c1LVAREZ EXPLOTACIONES TUR\u00cdSTICAS SL beantragen, indem Sie einen Brief an die Postanschrift der \u00dcberschrift senden oder eine E-Mail an hola@grancanariatours.es senden, in der als Betreff angegeben ist: \u201eDATENSCHUTZ , \u00dcBUNG DER RECHTE &quot;, und Anh\u00e4ngen einer Fotokopie Ihres Personalausweises oder eines \u00e4hnlichen Gesetzes, wie gesetzlich vorgeschrieben.<br \/>Rechte:<br \/>\u2022 Auskunftsrecht: Erm\u00f6glicht dem Interessenten, Informationen \u00fcber seine zu behandelnden personenbezogenen Daten zu erhalten und zu erhalten.<br \/>\u2022 Recht auf Berichtigung oder L\u00f6schung: Mit dieser Option k\u00f6nnen Sie Fehler korrigieren und die Daten \u00e4ndern, die sich als ungenau oder unvollst\u00e4ndig herausstellen.<br \/>\u2022 Widerrufsrecht: Erm\u00f6glicht das L\u00f6schen von Daten, die sich als unangemessen oder \u00fcberm\u00e4\u00dfig herausstellen.<br \/>\u2022 Widerspruchsrecht: Recht des Interessenten, die Verarbeitung seiner personenbezogenen Daten nicht durchzuf\u00fchren oder einzustellen.<br \/>\u2022 Einschr\u00e4nkung der Behandlung: Es beinhaltet die Kennzeichnung der gespeicherten personenbezogenen Daten, um die zuk\u00fcnftige Behandlung einzuschr\u00e4nken.<br \/>\u2022 Portabilit\u00e4t der Daten: Erleichterung des zu behandelnden Datenobjekts f\u00fcr den Interessenten, damit dieser diese ungehindert an eine andere verantwortliche Person weitergeben kann.<br \/>\u2022 Recht, keinen automatisierten Einzelentscheidungen (einschlie\u00dflich Profilerstellung) zu unterliegen: Recht, keiner Entscheidung zu unterliegen, die auf einer automatisierten Verarbeitung basiert, die Auswirkungen hat oder erhebliche Auswirkungen hat.<br \/>Als Benutzer haben Sie das Recht, die erteilte Einwilligung jederzeit zu widerrufen. Der Widerruf der Einwilligung hat keinen Einfluss auf die Rechtm\u00e4\u00dfigkeit der vor dem Widerruf der Einwilligung durchgef\u00fchrten Behandlung.<br \/>Sie haben auch das Recht, eine Klage bei der Aufsichtsbeh\u00f6rde einzureichen, wenn Sie der Ansicht sind, dass Ihre Rechte in Bezug auf den Schutz Ihrer Daten m\u00f6glicherweise verletzt wurden (www.aepd.es).<\/p><p>ERHALTUNG IHRER DATEN<br \/>Ihre Daten werden f\u00fcr die Dauer der Gesch\u00e4ftsbeziehung mit uns aufbewahrt oder \u00fcben Ihr Widerrufs- oder Widerspruchsrecht oder die Einschr\u00e4nkung der Behandlung aus. Wir werden jedoch bestimmte personenbezogene Daten und Verkehrsdaten f\u00fcr einen Zeitraum von maximal 2 Jahren aufbewahren, falls dies von den Richtern und Gerichten verlangt wird oder um interne Ma\u00dfnahmen einzuleiten, die sich aus der missbr\u00e4uchlichen Nutzung der Website ergeben.<br \/>Es wird nicht Gegenstand von Entscheidungen sein, die auf automatisierten Behandlungen basieren, die Auswirkungen auf Ihre Daten haben.<\/p><p>ZUS\u00c4TZLICHE INFORMATION<\/p><p>SICHERHEITSMASSNAHMEN<br \/>Die Daten, die Sie uns zur Verf\u00fcgung stellen, werden vertraulich behandelt. Der Anbieter hat alle technischen und organisatorischen Ma\u00dfnahmen sowie alle erforderlichen Schutzniveaus getroffen, um die Sicherheit bei der Behandlung der Daten zu gew\u00e4hrleisten und deren \u00c4nderung, Verlust, Diebstahl, Behandlung oder unbefugten Zugriff je nach Stand der Technik und Art der Daten zu vermeiden die gespeicherten Daten. Ebenso wird garantiert, dass die Behandlung und Registrierung in Dateien, Programmen, Systemen oder Ger\u00e4ten, R\u00e4umlichkeiten und Zentren den Anforderungen und Bedingungen f\u00fcr Integrit\u00e4t und Sicherheit entspricht, die in den geltenden Vorschriften festgelegt sind.<br \/>IDIOM<br \/>Die f\u00fcr diese Datenschutzrichtlinie geltende Sprache ist Spanisch. Wenn daher in einer der in anderen Sprachen bereitgestellten Versionen ein Widerspruch besteht, hat die spanische Version Vorrang.<br \/>INFORMATIONEN, DIE WIR SAMMELN:<br \/>Die von der verantwortlichen Person gesammelten Daten sind folgende:<br \/>- Diejenigen, die Benutzer \u00fcber die verschiedenen auf der Website angebotenen Dienste bereitstellen<br \/>- Diejenigen, die in den verschiedenen auf der Website bereitgestellten Formularen enthalten sind<br \/>- Daten, die durch &quot;Cookies&quot; gesammelt werden, um das Surferlebnis zu verbessern, wie in der Cookie-Richtlinie angegeben.<br \/>Die Weigerung, die obligatorischen Daten zu liefern, macht es unm\u00f6glich, die betreffende spezifische Anfrage zu erf\u00fcllen. Sie erkl\u00e4ren, dass die Informationen und Daten, die Sie uns zur Verf\u00fcgung stellen, korrekt, aktuell und wahrheitsgem\u00e4\u00df sind. Wir bitten Sie, diese im Falle einer \u00c4nderung unverz\u00fcglich mitzuteilen, damit die verarbeiteten Informationen jederzeit aktualisiert werden und keine Fehler enthalten.<br \/>Wenn Sie den Service in Anspruch nehmen \/ das Produkt \u00fcber unsere Website recondata.es kaufen, werden Sie gebeten, uns Informationen \u00fcber sich selbst, einschlie\u00dflich Ihres Namens, Kontaktinformationen und Informationen zu einer Kredit- oder Debitkarte, zur Verf\u00fcgung zu stellen.<br \/>Durch diese Datenschutzrichtlinie informieren wir Sie dar\u00fcber, dass die im Internet ver\u00f6ffentlichten Fotos Eigentum von \u00c1LVAREZ EXPLOTACIONES TUR\u00cdSTICAS SL sind, einschlie\u00dflich derjenigen von Minderj\u00e4hrigen, bei denen die vorherige Zustimmung der Eltern, Erziehungsberechtigten oder gesetzlichen Vertreter durch Unterzeichnung eingeholt werden muss die Formulare, die zu diesem Zweck von den Zentren erstellt wurden, in denen die Minderj\u00e4hrigen t\u00e4tig sind. Die Eltern, Erziehungsberechtigten oder Vertreter der Minderj\u00e4hrigen k\u00f6nnen jedoch als Inhaber der Aus\u00fcbung ihrer Rechte und immer nach einer formellen schriftlichen Aufforderung die Weigerung angeben, das Bild des Minderj\u00e4hrigen zu verwenden. In diesem Fall wird das Bild pixelig.<\/p><p>SOZIALEN MEDIEN <br \/>Wir informieren Sie dar\u00fcber, dass \u00c1LVAREZ EXPLOTACIONES TUR\u00cdSTICAS SL m\u00f6glicherweise in sozialen Netzwerken pr\u00e4sent ist. Die Behandlung der Daten, die von Personen durchgef\u00fchrt werden, die Follower in sozialen Netzwerken werden (und \/ oder Link- oder Verbindungsaktionen \u00fcber soziale Netzwerke durchf\u00fchren), auf den offiziellen Seiten von \u00c1LVAREZ EXPLOTACIONES TUR\u00cdSTICAS SL, wird f\u00fcr diesen Abschnitt geregelt sowie f\u00fcr die Nutzungsbedingungen, Datenschutzrichtlinien und Zugangsbestimmungen, die jeweils zum jeweiligen sozialen Netzwerk geh\u00f6ren und zuvor vom Benutzer akzeptiert wurden.<br \/>\u00c1LVAREZ EXPLOTACIONES TUR\u00cdSTICAS SL verarbeitet Ihre Daten, um Ihre Pr\u00e4senz im sozialen Netzwerk korrekt zu verwalten, und informiert Sie \u00fcber die Aktivit\u00e4ten, Produkte oder Dienstleistungen des Anbieters sowie f\u00fcr jeden anderen Zweck, den die Bestimmungen der sozialen Netzwerke zulassen.<br \/>Die Ver\u00f6ffentlichung von Inhalten ist untersagt:<br \/>- dass sie nach nationalen, gemeinschaftlichen oder internationalen Vorschriften angeblich illegal sind oder dass sie Aktivit\u00e4ten ausf\u00fchren, die angeblich illegal sind oder gegen die Grunds\u00e4tze von Treu und Glauben versto\u00dfen.<br \/>- Die Verletzung der Grundrechte von Menschen, mangelnde H\u00f6flichkeit im Netzwerk, Bel\u00e4stigung oder negative Meinungen bei unseren Nutzern oder Dritten und im Allgemeinen unabh\u00e4ngig von den Inhalten, die \u00c1LVAREZ EXPLOTACIONES TUR\u00cdSTICAS SL f\u00fcr unangemessen h\u00e4lt.<br \/>- Und im Allgemeinen, die gegen die Grunds\u00e4tze der Legalit\u00e4t, Ehrlichkeit, Verantwortung, des Schutzes der Menschenw\u00fcrde, des Schutzes von Minderj\u00e4hrigen, des Schutzes der \u00f6ffentlichen Ordnung, des Schutzes der Privatsph\u00e4re, des Verbraucherschutzes sowie der Rechte an geistigem und gewerblichem Eigentum versto\u00dfen.<br \/>Ebenso beh\u00e4lt sich \u00c1LVAREZ EXPLOTACIONES TUR\u00cdSTICAS SL das Recht vor, Inhalte, die als unangemessen gelten, ohne vorherige Ank\u00fcndigung von der Website oder dem sozialen Netzwerk des Unternehmens zur\u00fcckzuziehen.<br \/>Die \u00fcber soziale Netzwerke gesendeten Mitteilungen werden in eine Datei von \u00c1LVAREZ EXPLOTACIONES TUR\u00cdSTICAS SL aufgenommen, die Ihnen interessante Informationen senden kann.<br \/>\u00dcber den folgenden Link k\u00f6nnen Sie auf weitere Informationen zugreifen und die Unternehmen von \u00c1LVAREZ EXPLOTACIONES TUR\u00cdSTICAS SL konsultieren: recondata.es\/politicadeprivacidad.<br \/>Wenn Sie pers\u00f6nliche Informationen \u00fcber das soziale Netzwerk senden, ist \u00c1LVAREZ EXPLOTACIONES TUR\u00cdSTICAS SL in jedem Fall von der Verantwortung in Bezug auf die f\u00fcr diese Plattform geltenden Sicherheitsma\u00dfnahmen befreit. Wenn der Benutzer dies wissen m\u00f6chte, konsultieren Sie die entsprechenden besonderen Bedingungen des Netzwerk in Frage.<\/p><p>Lebenslauf senden<br \/>F\u00fcr den Fall, dass der Benutzer seinen Lebenslauf \u00fcber unsere Website sendet, teilen wir ihm mit, dass die bereitgestellten Daten verarbeitet werden, damit er an den m\u00f6glicherweise vorhandenen Auswahlverfahren teilnehmen kann, und f\u00fchren eine Analyse des Profils des Bewerbers durch, um den besten Bewerber auszuw\u00e4hlen f\u00fcr die vakante Position des Verantwortlichen. Wir informieren Sie, dass dies das einzige offizielle Verfahren ist, um Ihren Lebenslauf zu akzeptieren, sodass Lebensl\u00e4ufe, die nach einem anderen Verfahren eingereicht wurden, nicht akzeptiert werden. Im Falle einer \u00c4nderung der Daten teilen Sie uns dies bitte so bald wie m\u00f6glich schriftlich mit, damit Ihre Daten ordnungsgem\u00e4\u00df aktualisiert werden.<br \/>Die Daten werden maximal ein Jahr lang aufbewahrt. Danach werden die Daten gel\u00f6scht, um die vollst\u00e4ndige Vertraulichkeit sowohl bei der Behandlung als auch bei der anschlie\u00dfenden Vernichtung zu gew\u00e4hrleisten. In diesem Sinne senden Sie uns nach dem oben genannten Zeitraum und wenn Sie weiterhin an den Auswahlverfahren des Verantwortlichen teilnehmen m\u00f6chten, Ihren Lebenslauf erneut.<br \/>Die Daten k\u00f6nnen w\u00e4hrend der Zeit der Aufbewahrung Ihres Lehrplans und zu den zuvor gemeldeten Zwecken verarbeitet und \/ oder an die Unternehmen weitergegeben werden, die Mitglieder unserer Gruppe sind.<\/p><p>ABONNEMENT DES BLOGS<br \/>F\u00fcr den Fall, dass der Benutzer das Blog abonniert, teilen wir Ihnen mit, dass die bereitgestellten Daten verarbeitet werden, um Ihr Abonnement f\u00fcr das informative Blog mit einem Update-Hinweis zu verwalten, und dass es so lange aufbewahrt wird, wie ein gegenseitiges Interesse an der Pflege des Blogs besteht Ende der Behandlung. Wenn dies zu diesem Zweck nicht mehr erforderlich ist, wird es mit angemessenen Sicherheitsma\u00dfnahmen gel\u00f6scht, um die Pseudonymisierung der Daten oder deren vollst\u00e4ndige Zerst\u00f6rung zu gew\u00e4hrleisten. Die Daten werden nicht an Dritte weitergegeben, es sei denn, dies ist gesetzlich vorgeschrieben.<\/p><p>VER\u00d6FFENTLICHUNG IHRES ZEUGENS<br \/>F\u00fcr den Fall, dass der Benutzer seine Meinung im Internet ver\u00f6ffentlichen m\u00f6chte, teilen wir ihm mit, dass die bereitgestellten Daten verarbeitet werden, um die vorgeschlagenen Vorschl\u00e4ge, Erfahrungen oder Meinungen zu den auf der Webseite und damit zu ver\u00f6ffentlichenden Produkten und \/ oder Dienstleistungen zu ber\u00fccksichtigen in der Lage sein, anderen Benutzern zu helfen. Die Daten werden so lange aufbewahrt, wie ein beiderseitiges Interesse besteht, das Ende der Behandlung aufrechtzuerhalten, und wenn dies zu diesem Zweck nicht mehr erforderlich ist, werden sie mit angemessenen Sicherheitsma\u00dfnahmen gel\u00f6scht, um die Pseudonymisierung der Daten oder ihre vollst\u00e4ndige Zerst\u00f6rung zu gew\u00e4hrleisten . Zeugen werden auf unserer Website ver\u00f6ffentlicht. Die einzigen pers\u00f6nlichen Informationen, die \u00fcber den Zeugen ver\u00f6ffentlicht werden, sind sein Name.<\/p><p>\u00c4NDERUNGEN DIESER DATENSCHUTZRICHTLINIE<br \/>\u00c1LVAREZ EXPLOTACIONES TUR\u00cdSTICAS SL beh\u00e4lt sich das Recht vor, diese Richtlinie zu \u00e4ndern, um sie an neue Gesetze oder Rechtsprechung anzupassen.<\/p><p>Widerruflichkeit<br \/>Die Einwilligung sowohl zur Behandlung als auch zur \u00dcbermittlung der Daten der interessierten Parteien kann jederzeit widerrufen werden, indem sie \u00c1LVAREZ EXPLOTACIONES TUR\u00cdSTICAS SL gem\u00e4\u00df den in dieser Richtlinie festgelegten Bedingungen f\u00fcr die Aus\u00fcbung von Rechten mitgeteilt wird. Dieser Widerruf erfolgt in keinem Fall r\u00fcckwirkend.<\/p><p>GESETZGEBUNG<br \/>F\u00fcr alle Zwecke unterliegen die Beziehungen zwischen \u00c1LVAREZ EXPLOTACIONES TUR\u00cdSTICAS SL und den Nutzern seiner auf dieser Website vorhandenen Telematikdienste den spanischen Gesetzen und Zust\u00e4ndigkeiten, denen sich die Parteien ausdr\u00fccklich unterwerfen, und sind f\u00fcr die L\u00f6sung aller aus oder im Zusammenhang stehenden Konflikte zust\u00e4ndig zu seiner Verwendung in den Gerichten von Las Palmas.<\/p>\t\t\t\t\t\t\t\t<\/div>\n\t\t\t\t<\/div>\n\t\t\t\t\t<\/div>\n\t\t<\/div>\n\t\t\t\t\t<\/div>\n\t\t<\/section>\n\t\t\t\t<\/div>","protected":false},"excerpt":{"rendered":"<p>DATENSCHUTZRICHTLINIE (2. SCHICHT Einf\u00fchrung Ihre Privatsph\u00e4re ist uns wichtig. In diesem Dokument erkl\u00e4ren wir unter anderem, welche Daten wir von Benutzern erheben, wie wir sie verwenden und wof\u00fcr. Personen \u00fcber 14 Jahre k\u00f6nnen sich ohne die vorherige Zustimmung der Eltern, Erziehungsberechtigten oder gesetzlichen Vertreter [\u2026]<\/p>","protected":false},"author":1,"featured_media":0,"parent":0,"menu_order":0,"comment_status":"closed","ping_status":"closed","template":"elementor_canvas","meta":{"footnotes":""},"class_list":["post-362","page","type-page","status-publish","hentry"],"_links":{"self":[{"href":"https:\/\/grancanariatours.es\/de\/wp-json\/wp\/v2\/pages\/362","targetHints":{"allow":["GET"]}}],"collection":[{"href":"https:\/\/grancanariatours.es\/de\/wp-json\/wp\/v2\/pages"}],"about":[{"href":"https:\/\/grancanariatours.es\/de\/wp-json\/wp\/v2\/types\/page"}],"author":[{"embeddable":true,"href":"https:\/\/grancanariatours.es\/de\/wp-json\/wp\/v2\/users\/1"}],"replies":[{"embeddable":true,"href":"https:\/\/grancanariatours.es\/de\/wp-json\/wp\/v2\/comments?post=362"}],"version-history":[{"count":0,"href":"https:\/\/grancanariatours.es\/de\/wp-json\/wp\/v2\/pages\/362\/revisions"}],"wp:attachment":[{"href":"https:\/\/grancanariatours.es\/de\/wp-json\/wp\/v2\/media?parent=362"}],"curies":[{"name":"wp","href":"https:\/\/api.w.org\/{rel}","templated":true}]}}