{"id":362,"date":"2021-02-11T16:36:17","date_gmt":"2021-02-11T16:36:17","guid":{"rendered":"https:\/\/grancanariatours.es\/?page_id=362"},"modified":"2021-02-11T16:39:38","modified_gmt":"2021-02-11T16:39:38","slug":"politica-de-privacidad","status":"publish","type":"page","link":"https:\/\/grancanariatours.es\/fr\/politica-de-privacidad\/","title":{"rendered":"Politique de confidentialit\u00e9"},"content":{"rendered":"<div data-elementor-type=\"wp-page\" data-elementor-id=\"362\" class=\"elementor elementor-362\">\n\t\t\t\t\t\t<section class=\"elementor-section elementor-top-section elementor-element elementor-element-14aca32 elementor-section-boxed elementor-section-height-default elementor-section-height-default\" data-id=\"14aca32\" data-element_type=\"section\" data-e-type=\"section\">\n\t\t\t\t\t\t<div class=\"elementor-container elementor-column-gap-default\">\n\t\t\t\t\t<div class=\"elementor-column elementor-col-100 elementor-top-column elementor-element elementor-element-cdea6de\" data-id=\"cdea6de\" data-element_type=\"column\" data-e-type=\"column\">\n\t\t\t<div class=\"elementor-widget-wrap elementor-element-populated\">\n\t\t\t\t\t\t<div class=\"elementor-element elementor-element-c15bdd7 elementor-widget elementor-widget-spacer\" data-id=\"c15bdd7\" data-element_type=\"widget\" data-e-type=\"widget\" data-widget_type=\"spacer.default\">\n\t\t\t\t<div class=\"elementor-widget-container\">\n\t\t\t\t\t\t\t<div class=\"elementor-spacer\">\n\t\t\t<div class=\"elementor-spacer-inner\"><\/div>\n\t\t<\/div>\n\t\t\t\t\t\t<\/div>\n\t\t\t\t<\/div>\n\t\t\t\t<div class=\"elementor-element elementor-element-ffd8b76 elementor-widget elementor-widget-heading\" data-id=\"ffd8b76\" data-element_type=\"widget\" data-e-type=\"widget\" data-widget_type=\"heading.default\">\n\t\t\t\t<div class=\"elementor-widget-container\">\n\t\t\t\t\t<h2 class=\"elementor-heading-title elementor-size-default\"> POLITIQUE DE CONFIDENTIALIT\u00c9 (2e COUCHE <\/h2>\t\t\t\t<\/div>\n\t\t\t\t<\/div>\n\t\t\t\t<div class=\"elementor-element elementor-element-82960eb elementor-widget elementor-widget-text-editor\" data-id=\"82960eb\" data-element_type=\"widget\" data-e-type=\"widget\" data-widget_type=\"text-editor.default\">\n\t\t\t\t<div class=\"elementor-widget-container\">\n\t\t\t\t\t\t\t\t\t<p>\u00a0<\/p><p>introduction<br \/>Votre vie priv\u00e9e est importante pour nous, donc \u00e0 travers ce document, nous expliquons quelles donn\u00e9es nous collectons aupr\u00e8s des utilisateurs, comment nous les utilisons et pour quoi, entre autres indications. Les personnes de plus de 14 ans peuvent s&#039;inscrire en tant qu&#039;utilisateurs sans le consentement pr\u00e9alable de leurs parents, tuteurs ou repr\u00e9sentants l\u00e9gaux. Dans le cas de mineurs de moins de 14 ans ou identifi\u00e9s comme &quot;juridiquement incapables&quot;, nous aurons toujours besoin du consentement du parent, ou du tuteur ou repr\u00e9sentant l\u00e9gal.<br \/>Pour votre information, nous ne vous demanderons jamais plus d&#039;informations que ce dont nous avons r\u00e9ellement besoin pour les services requis; Nous ne les partagerons jamais avec des tiers, sauf obligation l\u00e9gale ou avec votre autorisation pr\u00e9alable; et nous n&#039;utiliserons jamais vos donn\u00e9es \u00e0 une autre fin non indiqu\u00e9e pr\u00e9c\u00e9demment.<br \/>En tant qu&#039;utilisateur, vous devez lire attentivement cette politique de confidentialit\u00e9 r\u00e9guli\u00e8rement et chaque fois que vous entrez vos donn\u00e9es personnelles, car ce document peut \u00eatre modifi\u00e9 car le fournisseur peut modifier tout type d&#039;informations pouvant appara\u00eetre sur le Web pour se conformer \u00e0 la r\u00e9glementation. ou mettre \u00e0 jour la politique, et sans qu&#039;il y ait obligation de pr\u00e9-notifier ou d&#039;informer les utilisateurs de ces obligations, la publication sur le site internet du fournisseur suffit.<\/p><p>\u00c1LVAREZ EXPLOTACIONES TUR\u00cdSTICAS SL, en tant que responsable du site Web, conform\u00e9ment aux dispositions du r\u00e8glement (UE) 2016\/679 du 27 avril 2016 (RGPD), de la loi organique 3\/2018 du 5 d\u00e9cembre (LOPDGDD) et d&#039;autres r\u00e9glementations la protection des donn\u00e9es personnelles, et par la loi 34\/2002 du 11 juillet sur les services de la soci\u00e9t\u00e9 de l&#039;information et du commerce \u00e9lectronique (LSSICE), vous informe que vous avez mis en \u0153uvre les mesures de s\u00e9curit\u00e9 n\u00e9cessaires, de nature technique et organisationnelle, pour garantir et prot\u00e9ger la confidentialit\u00e9, l&#039;int\u00e9grit\u00e9 et la disponibilit\u00e9 des donn\u00e9es saisies.<\/p><p>BUT DU TRAITEMENT<br \/>Vos donn\u00e9es personnelles ne seront utilis\u00e9es qu&#039;aux fins suivantes:<br \/>- Effectuer les d\u00e9marches commerciales et administratives n\u00e9cessaires avec les utilisateurs du web;<br \/>- Envoyer des communications publicitaires commerciales par e-mail, fax, SMS, MMS, communaut\u00e9s sociales ou tout autre moyen \u00e9lectronique ou physique, dans le cas o\u00f9 l&#039;Utilisateur a express\u00e9ment consenti \u00e0 l&#039;envoi de communications commerciales par voie \u00e9lectronique en souscrivant \u00e0 la NEWSLETTER;<br \/>- R\u00e9pondre aux demandes de renseignements et \/ ou fournir les informations requises par l&#039;Utilisateur;<br \/>- Effectuer la fourniture de services et \/ ou de produits souscrits ou souscrits par l&#039;Utilisateur;<br \/>- Utilisez vos donn\u00e9es pour vous contacter, \u00e0 la fois par voie \u00e9lectronique et non \u00e9lectronique, afin d&#039;obtenir votre avis sur le service fourni et,<br \/>- Vous informer des changements, des d\u00e9veloppements importants dans la politique de confidentialit\u00e9, les mentions l\u00e9gales ou la politique de cookies.<br \/>- Des analyses de profils et d&#039;utilisabilit\u00e9 seront effectu\u00e9es.<br \/>- Les donn\u00e9es des clients et \/ ou fournisseurs seront trait\u00e9es, dans le cadre de la relation contractuelle qui les lie avec le responsable, dans le respect des obligations administratives, fiscales, comptables et d&#039;exploitation n\u00e9cessaires en vertu de la l\u00e9gislation en vigueur.<br \/>Vous pouvez r\u00e9voquer votre consentement \u00e0 tout moment en envoyant une lettre avec le sujet &quot;Low&quot; \u00e0 hola@grancanariatours.es.<br \/>Conform\u00e9ment \u00e0 la LSSICE, \u00c1LVAREZ EXPLOTACIONES TUR\u00cdSTICAS SL ne pratique pas de SPAM, par cons\u00e9quent, elle n&#039;envoie pas d&#039;e-mails commerciaux qui n&#039;ont pas \u00e9t\u00e9 pr\u00e9alablement demand\u00e9s ou autoris\u00e9s par l&#039;utilisateur. Par cons\u00e9quent, dans toutes les communications que le fournisseur recevra, l&#039;utilisateur a la possibilit\u00e9 d&#039;annuler son consentement expr\u00e8s \u00e0 recevoir nos communications.<br \/>Nous ne traiterons pas vos donn\u00e9es personnelles \u00e0 d&#039;autres fins que celles d\u00e9crites sauf par obligation l\u00e9gale ou exigence judiciaire.<\/p><p>L\u00c9GITIMATION DU TRAITEMENT<br \/>La base l\u00e9gale pour le traitement des donn\u00e9es est votre consentement accord\u00e9 pour r\u00e9aliser les finalit\u00e9s d\u00e9crites ci-dessus, qui vous sera demand\u00e9 au moment de cocher la case correspondante lors de la collecte de vos donn\u00e9es.<br \/>Le fait de ne pas fournir les donn\u00e9es personnelles demand\u00e9es ou de ne pas accepter cette politique de protection des donn\u00e9es signifie qu&#039;il est impossible de souscrire, de s&#039;inscrire ou de recevoir des informations sur les produits et services du fournisseur.<br \/>Dans les cas o\u00f9 il existe une relation contractuelle pr\u00e9alable entre les parties, la l\u00e9gitimit\u00e9 pour le d\u00e9veloppement des obligations administratives, fiscales, comptables et de travail n\u00e9cessaires en vertu de la l\u00e9gislation en vigueur sera l&#039;existence pr\u00e9alable de la relation commerciale \u00e9tablie entre les parties.<\/p><p>B\u00c9N\u00c9FICIAIRES DE CESSIONS OU DE TRANSFERTS<br \/>\u00c1LVAREZ EXPLOTACIONES TUR\u00cdSTICAS SL n&#039;effectue aucun transfert ou communication de donn\u00e9es sauf s&#039;il existe un besoin raisonnable de se conformer \u00e0 une proc\u00e9dure judiciaire, une obligation l\u00e9gale ou l&#039;obtention pr\u00e9alable du consentement de l&#039;utilisateur.<br \/>Les transferts internationaux de vos donn\u00e9es personnelles ne seront pas non plus effectu\u00e9s sans votre consentement pr\u00e9alable, sans pr\u00e9judice de la possibilit\u00e9 de bloquer ou d&#039;annuler votre compte s&#039;il peut y avoir des indices de la commission d&#039;un crime par l&#039;utilisateur. Les informations fournies seront uniquement celles dont dispose le fournisseur pour le moment.<br \/>\u00c1LVAREZ EXPLOTACIONES TUR\u00cdSTICAS SL ne transf\u00e9rera pas les donn\u00e9es collect\u00e9es \u00e0 des tiers sauf s&#039;il existe un besoin raisonnable de se conformer \u00e0 une proc\u00e9dure judiciaire, \u00e0 une obligation l\u00e9gale ou \u00e0 l&#039;obtention pr\u00e9alable du consentement de l&#039;utilisateur.<br \/>Les informations que vous nous fournissez \u00e0 la fois via ce site Web et via l&#039;application seront h\u00e9berg\u00e9es sur les serveurs de \u00c1LVAREZ EXPLOTACIONES TUR\u00cdSTICAS SL, sous contrat avec la soci\u00e9t\u00e9 SITEGRAUND (ci-apr\u00e8s, HOSTING) situ\u00e9e \u00e0 MADRID. Le traitement des donn\u00e9es de ladite entit\u00e9 est r\u00e9glement\u00e9 au moyen d&#039;un contrat pour le sous-traitant entre le fournisseur et ladite soci\u00e9t\u00e9. En aucun cas, ce responsable du traitement ne sous-traitera des services impliquant un traitement de donn\u00e9es par des tiers sans notre accord pr\u00e9alable.<\/p><p>DROITS DES PERSONNES INT\u00c9RESS\u00c9ES<br \/>En tant qu&#039;utilisateur int\u00e9ress\u00e9, vous pouvez demander l&#039;exercice des droits suivants aupr\u00e8s d&#039;\u00c1LVAREZ EXPLOTACIONES TUR\u00cdSTICAS SL en envoyant une lettre \u00e0 l&#039;adresse postale de l&#039;en-t\u00eate ou en envoyant un e-mail \u00e0 hola@grancanariatours.es, en indiquant comme sujet: \u00abPROTECTION DES DONN\u00c9ES , EXERCICE DES DROITS &quot;, et en joignant une photocopie de votre pi\u00e8ce d&#039;identit\u00e9 ou tout autre moyen similaire dans la loi, comme indiqu\u00e9 par la loi.<br \/>Droits:<br \/>\u2022 Droit d&#039;acc\u00e8s: permet \u00e0 l&#039;int\u00e9ress\u00e9 de conna\u00eetre et d&#039;obtenir des informations sur ses donn\u00e9es personnelles faisant l&#039;objet d&#039;un traitement.<br \/>\u2022 Droit de rectification ou de suppression: permet de corriger les erreurs et de modifier les donn\u00e9es qui s&#039;av\u00e8rent inexactes ou incompl\u00e8tes.<br \/>\u2022 Droit de r\u00e9tractation: permet de supprimer les donn\u00e9es qui s&#039;av\u00e8rent inappropri\u00e9es ou excessives.<br \/>\u2022 Droit d&#039;opposition: droit de l&#039;int\u00e9ress\u00e9 de ne pas proc\u00e9der au traitement de ses donn\u00e9es personnelles ou de l&#039;arr\u00eater.<br \/>\u2022 Limitation du traitement: il implique le marquage des donn\u00e9es personnelles conserv\u00e9es, afin de limiter leur traitement futur.<br \/>\u2022 Portabilit\u00e9 des donn\u00e9es: facilitation des donn\u00e9es objet du traitement \u00e0 l&#039;int\u00e9ress\u00e9, afin qu&#039;il puisse les transmettre \u00e0 un autre responsable, sans entraves.<br \/>\u2022 Droit de ne pas \u00eatre soumis \u00e0 des d\u00e9cisions individuelles automatis\u00e9es (y compris le profilage): droit de ne pas \u00eatre soumis \u00e0 une d\u00e9cision bas\u00e9e sur un traitement automatis\u00e9 qui produit des effets ou affecte de mani\u00e8re significative.<br \/>En tant qu&#039;utilisateur, vous avez le droit de retirer le consentement donn\u00e9 \u00e0 tout moment. Le retrait du consentement n&#039;affectera pas la l\u00e9galit\u00e9 du traitement effectu\u00e9 avant le retrait du consentement.<br \/>Vous avez \u00e9galement le droit de d\u00e9poser une r\u00e9clamation aupr\u00e8s de l&#039;autorit\u00e9 de contr\u00f4le si vous estimez que vos droits peuvent avoir \u00e9t\u00e9 viol\u00e9s en ce qui concerne la protection de vos donn\u00e9es (www.aepd.es).<\/p><p>CONSERVATION DE VOS DONN\u00c9ES<br \/>Vos donn\u00e9es seront conserv\u00e9es pendant toute la dur\u00e9e de la relation commerciale avec nous ou exerceront votre droit de r\u00e9tractation ou d&#039;opposition, ou de limitation de traitement. Cependant, nous conserverons certaines donn\u00e9es d&#039;identification personnelle et de trafic pendant une p\u00e9riode maximale de 2 ans dans le cas o\u00f9 cela serait requis par les juges et les tribunaux ou pour initier des actions internes d\u00e9riv\u00e9es d&#039;une mauvaise utilisation du site.<br \/>Il ne fera pas l&#039;objet de d\u00e9cisions bas\u00e9es sur des traitements automatis\u00e9s produisant des effets sur vos donn\u00e9es.<\/p><p>INFORMATION COMPL\u00c9MENTAIRE<\/p><p>MESURE DE S\u00c9CURIT\u00c9<br \/>Les donn\u00e9es que vous nous fournissez seront trait\u00e9es de mani\u00e8re confidentielle. Le Prestataire a adopt\u00e9 toutes les mesures techniques et organisationnelles et tous les niveaux de protection n\u00e9cessaires pour garantir la s\u00e9curit\u00e9 dans le traitement des donn\u00e9es et \u00e9viter leur alt\u00e9ration, perte, vol, traitement ou acc\u00e8s non autoris\u00e9, en fonction de l&#039;\u00e9tat de la technologie et de la nature des les donn\u00e9es stock\u00e9es. De m\u00eame, il est \u00e9galement garanti que le traitement et l&#039;enregistrement dans les fichiers, programmes, syst\u00e8mes ou \u00e9quipements, locaux et centres sont conformes aux exigences et conditions d&#039;int\u00e9grit\u00e9 et de s\u00e9curit\u00e9 \u00e9tablies dans la r\u00e9glementation en vigueur.<br \/>LANGAGE<br \/>La langue applicable \u00e0 cette politique de confidentialit\u00e9 est l&#039;espagnol. Par cons\u00e9quent, en cas de contradiction dans l&#039;une des versions fournies dans d&#039;autres langues, la version espagnole pr\u00e9vaudra.<br \/>INFORMATIONS QUE NOUS RECUEILLONS:<br \/>Les donn\u00e9es collect\u00e9es par le responsable sont les suivantes:<br \/>- Celles que les utilisateurs fournissent \u00e0 travers les diff\u00e9rents services propos\u00e9s sur le site<br \/>- Ceux inclus dans les diff\u00e9rents formulaires fournis sur le site<br \/>- Donn\u00e9es collect\u00e9es via des &quot;cookies&quot; pour am\u00e9liorer l&#039;exp\u00e9rience de navigation comme indiqu\u00e9 dans la politique de cookies.<br \/>Le refus de fournir les donn\u00e9es obligatoires rendra impossible de r\u00e9pondre \u00e0 la demande sp\u00e9cifique en question. Vous d\u00e9clarez que les informations et les donn\u00e9es que vous nous fournissez sont exactes, actuelles et v\u00e9ridiques. Nous demandons qu&#039;en cas de modification, communiquez imm\u00e9diatement afin que les informations en cours de traitement soient mises \u00e0 jour \u00e0 tout moment et ne contiennent pas d&#039;erreurs.<br \/>Si vous contractez le service \/ achetez le produit via notre site Web recondata.es, nous vous demanderons de nous fournir des informations vous concernant, y compris votre nom, vos coordonn\u00e9es et des informations sur une carte de cr\u00e9dit ou de d\u00e9bit.<br \/>Gr\u00e2ce \u00e0 cette politique de confidentialit\u00e9, nous vous informons que les photographies publi\u00e9es sur le Web sont la propri\u00e9t\u00e9 d&#039;\u00c1LVAREZ EXPLOTACIONES TUR\u00cdSTICAS SL, y compris celles de mineurs, dans lesquelles, pour les obtenir, le consentement pr\u00e9alable des parents, tuteurs ou repr\u00e9sentants l\u00e9gaux en signant les formulaires \u00e9labor\u00e9s \u00e0 cet effet par les centres dont font partie les mineurs. Cependant, les parents, tuteurs ou repr\u00e9sentants des mineurs, en tant que titulaires de l&#039;exercice de leurs droits, et toujours apr\u00e8s une demande formelle \u00e9crite, peuvent indiquer le refus d&#039;utiliser l&#039;image du mineur; dans ce cas, l&#039;image sera pix\u00e9lis\u00e9e.<\/p><p>R\u00c9SEAUX SOCIAUX <br \/>Nous vous informons que \u00c1LVAREZ EXPLOTACIONES TUR\u00cdSTICAS SL peut \u00eatre pr\u00e9sent sur les r\u00e9seaux sociaux. Le traitement des donn\u00e9es des personnes qui deviennent abonn\u00e9s dans les r\u00e9seaux sociaux (et \/ ou effectuent tout lien ou action de connexion via les r\u00e9seaux sociaux) des pages officielles de \u00c1LVAREZ EXPLOTACIONES TUR\u00cdSTICAS SL sera r\u00e9gi pour cette section, comme ainsi que pour les conditions d&#039;utilisation, les politiques de confidentialit\u00e9 et les r\u00e8glements d&#039;acc\u00e8s qui appartiennent au r\u00e9seau social appropri\u00e9 dans chaque cas et pr\u00e9alablement accept\u00e9s par l&#039;utilisateur.<br \/>\u00c1LVAREZ EXPLOTACIONES TUR\u00cdSTICAS SL traitera vos donn\u00e9es afin de g\u00e9rer correctement votre pr\u00e9sence sur le r\u00e9seau social, en vous informant des activit\u00e9s, produits ou services du fournisseur, ainsi qu&#039;\u00e0 toute autre fin permise par la r\u00e9glementation des r\u00e9seaux sociaux.<br \/>La publication de contenu est interdite:<br \/>- Qu&#039;ils sont pr\u00e9tendument ill\u00e9gaux par les r\u00e9glementations nationales, communautaires ou internationales ou qu&#039;ils exercent des activit\u00e9s qui sont pr\u00e9tendument ill\u00e9gales ou contreviennent aux principes de bonne foi.<br \/>- qui violent les droits fondamentaux des personnes, le manque de courtoisie dans le r\u00e9seau, ennuient ou peuvent g\u00e9n\u00e9rer des opinions n\u00e9gatives chez nos utilisateurs ou des tiers et en g\u00e9n\u00e9ral quel que soit le contenu que \u00c1LVAREZ EXPLOTACIONES TUR\u00cdSTICAS SL consid\u00e8re comme inappropri\u00e9.<br \/>- Et en g\u00e9n\u00e9ral qui contreviennent aux principes de l\u00e9galit\u00e9, d&#039;honn\u00eatet\u00e9, de responsabilit\u00e9, de protection de la dignit\u00e9 humaine, de protection des mineurs, de protection de l&#039;ordre public, de protection de la vie priv\u00e9e, de protection des consommateurs et des droits de propri\u00e9t\u00e9 intellectuelle et industrielle.<br \/>De m\u00eame, \u00c1LVAREZ EXPLOTACIONES TUR\u00cdSTICAS SL se r\u00e9serve le droit de retirer, sans pr\u00e9avis du site Web ou du r\u00e9seau social d&#039;entreprise, les contenus jug\u00e9s inappropri\u00e9s.<br \/>Les communications envoy\u00e9es via les r\u00e9seaux sociaux seront incorpor\u00e9es dans un fichier appartenant \u00e0 \u00c1LVAREZ EXPLOTACIONES TUR\u00cdSTICAS SL, pouvant vous envoyer des informations d&#039;int\u00e9r\u00eat.<br \/>Vous pouvez acc\u00e9der \u00e0 plus d&#039;informations, ainsi que consulter les entreprises qui font partie d&#039;\u00c1LVAREZ EXPLOTACIONES TUR\u00cdSTICAS SL, via le lien suivant: recondata.es\/politicadeprivacidad.<br \/>Dans tous les cas, si vous envoyez des informations personnelles via le r\u00e9seau social, \u00c1LVAREZ EXPLOTACIONES TUR\u00cdSTICAS SL sera exon\u00e9r\u00e9e de toute responsabilit\u00e9 en ce qui concerne les mesures de s\u00e9curit\u00e9 applicables \u00e0 cette plateforme, et si l&#039;utilisateur souhaite les conna\u00eetre, consultez les conditions particuli\u00e8res correspondantes de la r\u00e9seau en question.<\/p><p>ENVOYER CV<br \/>Dans le cas o\u00f9 l&#039;utilisateur envoie son CV via notre site Web, nous l&#039;informons que les donn\u00e9es fournies seront trait\u00e9es pour le faire participer aux processus de s\u00e9lection qui peuvent exister, en effectuant une analyse du profil du candidat afin de s\u00e9lectionner le meilleur candidat. pour le poste vacant de responsable. Nous vous informons qu&#039;il s&#039;agit de la seule proc\u00e9dure officielle d&#039;acceptation de votre CV, de sorte que les CV soumis par une proc\u00e9dure diff\u00e9rente ne seront pas accept\u00e9s. En cas de modification des donn\u00e9es, veuillez nous en informer par \u00e9crit dans les plus brefs d\u00e9lais, afin que vos donn\u00e9es soient d\u00fbment mises \u00e0 jour.<br \/>Les donn\u00e9es seront conserv\u00e9es pendant une dur\u00e9e maximale d&#039;un an, apr\u00e8s quoi les donn\u00e9es seront supprim\u00e9es, garantissant une confidentialit\u00e9 totale tant dans le traitement que dans sa destruction ult\u00e9rieure. En ce sens, apr\u00e8s la p\u00e9riode susmentionn\u00e9e, et si vous souhaitez continuer \u00e0 participer aux processus de s\u00e9lection du Responsable, merci de nous renvoyer votre CV.<br \/>Les donn\u00e9es peuvent \u00eatre trait\u00e9es et \/ ou communiqu\u00e9es aux entreprises membres de notre groupe pendant la dur\u00e9e de conservation de votre cursus et aux m\u00eames fins pr\u00e9c\u00e9demment rapport\u00e9es.<\/p><p>ABONNEMENT AU BLOG<br \/>Dans le cas o\u00f9 l&#039;utilisateur s&#039;abonne au blog, nous vous informons que les donn\u00e9es fournies seront trait\u00e9es pour g\u00e9rer votre abonnement au blog informatif avec un avis de mise \u00e0 jour et qu&#039;elles seront conserv\u00e9es tant qu&#039;il y aura un int\u00e9r\u00eat mutuel \u00e0 maintenir le fin du traitement. Lorsqu&#039;elles ne sont plus n\u00e9cessaires \u00e0 cette fin, elles seront supprim\u00e9es avec des mesures de s\u00e9curit\u00e9 ad\u00e9quates pour garantir la pseudonymisation des donn\u00e9es ou leur destruction totale. Les donn\u00e9es ne seront pas communiqu\u00e9es \u00e0 des tiers, sauf obligation l\u00e9gale.<\/p><p>PUBLICATION DE VOTRE T\u00c9MOIGNAGE<br \/>Dans le cas o\u00f9 l&#039;utilisateur souhaite publier son avis sur le Web, nous l&#039;informons que les donn\u00e9es fournies seront trait\u00e9es pour r\u00e9pondre aux suggestions, exp\u00e9riences ou opinions propos\u00e9es concernant les produits et \/ ou services \u00e0 publier sur la page Web et donc \u00eatre en mesure d&#039;aider d&#039;autres utilisateurs. Les donn\u00e9es seront conserv\u00e9es tant qu&#039;il y aura un int\u00e9r\u00eat mutuel \u00e0 maintenir la fin du traitement et lorsqu&#039;elles ne seront plus n\u00e9cessaires \u00e0 cette fin, elles seront supprim\u00e9es avec des mesures de s\u00e9curit\u00e9 ad\u00e9quates pour garantir la pseudonymisation des donn\u00e9es ou leur destruction totale. . Les t\u00e9moins seront affich\u00e9s sur notre site Web. La seule information personnelle qui sera publi\u00e9e sur le t\u00e9moin sera son nom.<\/p><p>MODIFICATIONS DE CETTE POLITIQUE DE CONFIDENTIALIT\u00c9<br \/>\u00c1LVAREZ EXPLOTACIONES TUR\u00cdSTICAS SL se r\u00e9serve le droit de modifier cette politique pour l&#039;adapter \u00e0 la nouvelle l\u00e9gislation ou \u00e0 la jurisprudence.<\/p><p>R\u00c9VOCABILIT\u00c9<br \/>Le consentement donn\u00e9, tant pour le traitement que pour le transfert des donn\u00e9es des parties int\u00e9ress\u00e9es, est r\u00e9vocable \u00e0 tout moment en le communiquant \u00e0 \u00c1LVAREZ EXPLOTACIONES TUR\u00cdSTICAS SL dans les termes \u00e9tablis dans la pr\u00e9sente politique pour l&#039;exercice des droits. Cette r\u00e9vocation ne sera en aucun cas r\u00e9troactive.<\/p><p>L\u00c9GISLATION<br \/>\u00c0 toutes fins, les relations entre \u00c1LVAREZ EXPLOTACIONES TUR\u00cdSTICAS SL avec les utilisateurs de ses services t\u00e9l\u00e9matiques, pr\u00e9sents sur ce site Web, sont soumises \u00e0 la l\u00e9gislation espagnole et \u00e0 la juridiction auxquelles les parties se soumettent express\u00e9ment, \u00e9tant comp\u00e9tentes pour la r\u00e9solution de tous les conflits d\u00e9riv\u00e9s de ou li\u00e9s \u00e0 son utilisation dans les cours et tribunaux de Las Palmas.<\/p>\t\t\t\t\t\t\t\t<\/div>\n\t\t\t\t<\/div>\n\t\t\t\t\t<\/div>\n\t\t<\/div>\n\t\t\t\t\t<\/div>\n\t\t<\/section>\n\t\t\t\t<\/div>","protected":false},"excerpt":{"rendered":"<p>POLITIQUE DE CONFIDENTIALIT\u00c9 (2e COUCHE Introduction Votre vie priv\u00e9e est importante pour nous, c&#039;est pourquoi nous expliquons \u00e0 travers ce document quelles donn\u00e9es nous collectons aupr\u00e8s des utilisateurs, comment nous les utilisons et pour quoi, entre autres indications. Les personnes de plus de 14 ans peuvent s&#039;inscrire en tant qu&#039;utilisateurs sans le consentement pr\u00e9alable de leurs parents, tuteurs ou repr\u00e9sentants l\u00e9gaux. [\u2026]<\/p>","protected":false},"author":1,"featured_media":0,"parent":0,"menu_order":0,"comment_status":"closed","ping_status":"closed","template":"elementor_canvas","meta":{"footnotes":""},"class_list":["post-362","page","type-page","status-publish","hentry"],"_links":{"self":[{"href":"https:\/\/grancanariatours.es\/fr\/wp-json\/wp\/v2\/pages\/362","targetHints":{"allow":["GET"]}}],"collection":[{"href":"https:\/\/grancanariatours.es\/fr\/wp-json\/wp\/v2\/pages"}],"about":[{"href":"https:\/\/grancanariatours.es\/fr\/wp-json\/wp\/v2\/types\/page"}],"author":[{"embeddable":true,"href":"https:\/\/grancanariatours.es\/fr\/wp-json\/wp\/v2\/users\/1"}],"replies":[{"embeddable":true,"href":"https:\/\/grancanariatours.es\/fr\/wp-json\/wp\/v2\/comments?post=362"}],"version-history":[{"count":0,"href":"https:\/\/grancanariatours.es\/fr\/wp-json\/wp\/v2\/pages\/362\/revisions"}],"wp:attachment":[{"href":"https:\/\/grancanariatours.es\/fr\/wp-json\/wp\/v2\/media?parent=362"}],"curies":[{"name":"wp","href":"https:\/\/api.w.org\/{rel}","templated":true}]}}